{"id":24664,"date":"2023-03-30T16:32:07","date_gmt":"2023-03-30T21:32:07","guid":{"rendered":"https:\/\/aircom.deniscarriere.com\/equipment-sales-new-and-used\/"},"modified":"2023-04-24T16:10:07","modified_gmt":"2023-04-24T21:10:07","slug":"equipment-sales-new-and-used","status":"publish","type":"page","link":"https:\/\/aircom.deniscarriere.com\/en\/equipment-sales-new-and-used\/","title":{"rendered":"Equipment sales \u2013 New and used"},"content":{"rendered":"\t\t<div data-elementor-type=\"wp-page\" data-elementor-id=\"24664\" class=\"elementor elementor-24664 elementor-23574\">\n\t\t\t\t\t\t\t\t\t<section class=\"elementor-section elementor-top-section elementor-element elementor-element-0b0a22d elementor-section-stretched elementor-section-boxed elementor-section-height-default elementor-section-height-default\" data-id=\"0b0a22d\" data-element_type=\"section\" data-settings=\"{&quot;jet_parallax_layout_list&quot;:[],&quot;stretch_section&quot;:&quot;section-stretched&quot;}\">\n\t\t\t\t\t\t<div class=\"elementor-container elementor-column-gap-default\">\n\t\t\t\t\t<div class=\"elementor-column elementor-col-100 elementor-top-column elementor-element elementor-element-3971297\" data-id=\"3971297\" data-element_type=\"column\">\n\t\t\t<div class=\"elementor-widget-wrap elementor-element-populated\">\n\t\t\t\t\t\t\t\t<div class=\"elementor-element elementor-element-3898c81 elementor-widget__width-inherit elementor-widget elementor-widget-jet-listing-dynamic-terms\" data-id=\"3898c81\" data-element_type=\"widget\" data-widget_type=\"jet-listing-dynamic-terms.default\">\n\t\t\t\t<div class=\"elementor-widget-container\">\n\t\t\t<div class=\"jet-listing jet-listing-dynamic-terms\"><\/div>\t\t<\/div>\n\t\t\t\t<\/div>\n\t\t\t\t\t<\/div>\n\t\t<\/div>\n\t\t\t\t\t\t\t<\/div>\n\t\t<\/section>\n\t\t\t\t<section class=\"elementor-section elementor-top-section elementor-element elementor-element-b280073 elementor-section-stretched elementor-section-boxed elementor-section-height-default elementor-section-height-default\" data-id=\"b280073\" data-element_type=\"section\" data-settings=\"{&quot;jet_parallax_layout_list&quot;:[],&quot;stretch_section&quot;:&quot;section-stretched&quot;}\">\n\t\t\t\t\t\t<div class=\"elementor-container elementor-column-gap-default\">\n\t\t\t\t\t<div class=\"elementor-column elementor-col-100 elementor-top-column elementor-element elementor-element-456ec59\" data-id=\"456ec59\" data-element_type=\"column\">\n\t\t\t<div class=\"elementor-widget-wrap elementor-element-populated\">\n\t\t\t\t\t\t\t\t<section class=\"elementor-section elementor-inner-section elementor-element elementor-element-3b9ab54 elementor-section-boxed elementor-section-height-default elementor-section-height-default\" data-id=\"3b9ab54\" data-element_type=\"section\" data-settings=\"{&quot;jet_parallax_layout_list&quot;:[]}\">\n\t\t\t\t\t\t<div class=\"elementor-container elementor-column-gap-default\">\n\t\t\t\t\t<div class=\"elementor-column elementor-col-12 elementor-inner-column elementor-element elementor-element-b5db85a\" data-id=\"b5db85a\" data-element_type=\"column\" data-settings=\"{&quot;background_background&quot;:&quot;classic&quot;}\">\n\t\t\t<div class=\"elementor-widget-wrap elementor-element-populated\">\n\t\t\t\t\t\t\t\t<div class=\"elementor-element elementor-element-3ac6176 elementor-widget elementor-widget-text-editor\" data-id=\"3ac6176\" data-element_type=\"widget\" data-widget_type=\"text-editor.default\">\n\t\t\t\t<div class=\"elementor-widget-container\">\n\t\t\t<style>\/*! elementor - v3.18.0 - 20-12-2023 *\/\n.elementor-widget-text-editor.elementor-drop-cap-view-stacked .elementor-drop-cap{background-color:#69727d;color:#fff}.elementor-widget-text-editor.elementor-drop-cap-view-framed .elementor-drop-cap{color:#69727d;border:3px solid;background-color:transparent}.elementor-widget-text-editor:not(.elementor-drop-cap-view-default) .elementor-drop-cap{margin-top:8px}.elementor-widget-text-editor:not(.elementor-drop-cap-view-default) .elementor-drop-cap-letter{width:1em;height:1em}.elementor-widget-text-editor .elementor-drop-cap{float:left;text-align:center;line-height:1;font-size:50px}.elementor-widget-text-editor .elementor-drop-cap-letter{display:inline-block}<\/style>\t\t\t\t<p style=\"text-align: center;\">Item<\/p>\n\t\t\t\t\t\t<\/div>\n\t\t\t\t<\/div>\n\t\t\t\t\t<\/div>\n\t\t<\/div>\n\t\t\t\t<div class=\"elementor-column elementor-col-12 elementor-inner-column elementor-element elementor-element-c0f76e9\" data-id=\"c0f76e9\" data-element_type=\"column\" data-settings=\"{&quot;background_background&quot;:&quot;classic&quot;}\">\n\t\t\t<div class=\"elementor-widget-wrap elementor-element-populated\">\n\t\t\t\t\t\t\t\t<div class=\"elementor-element elementor-element-191cc5c elementor-widget elementor-widget-text-editor\" data-id=\"191cc5c\" data-element_type=\"widget\" data-widget_type=\"text-editor.default\">\n\t\t\t\t<div class=\"elementor-widget-container\">\n\t\t\t\t\t\t\t<p style=\"text-align: center;\">Description<\/p>\n\t\t\t\t\t\t<\/div>\n\t\t\t\t<\/div>\n\t\t\t\t\t<\/div>\n\t\t<\/div>\n\t\t\t\t<div class=\"elementor-column elementor-col-12 elementor-inner-column elementor-element elementor-element-72e9cf5\" data-id=\"72e9cf5\" data-element_type=\"column\" data-settings=\"{&quot;background_background&quot;:&quot;classic&quot;}\">\n\t\t\t<div class=\"elementor-widget-wrap elementor-element-populated\">\n\t\t\t\t\t\t\t\t<div class=\"elementor-element elementor-element-18ebd2e elementor-widget elementor-widget-text-editor\" data-id=\"18ebd2e\" data-element_type=\"widget\" data-widget_type=\"text-editor.default\">\n\t\t\t\t<div class=\"elementor-widget-container\">\n\t\t\t\t\t\t\t<p style=\"text-align: center;\">Marque \/ Mod\u00e8le<\/p>\n\t\t\t\t\t\t<\/div>\n\t\t\t\t<\/div>\n\t\t\t\t\t<\/div>\n\t\t<\/div>\n\t\t\t\t<div class=\"elementor-column elementor-col-12 elementor-inner-column elementor-element elementor-element-4b321a4\" data-id=\"4b321a4\" data-element_type=\"column\" data-settings=\"{&quot;background_background&quot;:&quot;classic&quot;}\">\n\t\t\t<div class=\"elementor-widget-wrap elementor-element-populated\">\n\t\t\t\t\t\t\t\t<div class=\"elementor-element elementor-element-a465ebe elementor-widget elementor-widget-text-editor\" data-id=\"a465ebe\" data-element_type=\"widget\" data-widget_type=\"text-editor.default\">\n\t\t\t\t<div class=\"elementor-widget-container\">\n\t\t\t\t\t\t\t<p style=\"text-align: center;\">Moteur<\/p>\n\t\t\t\t\t\t<\/div>\n\t\t\t\t<\/div>\n\t\t\t\t\t<\/div>\n\t\t<\/div>\n\t\t\t\t<div class=\"elementor-column elementor-col-12 elementor-inner-column elementor-element elementor-element-9e35c8e\" data-id=\"9e35c8e\" data-element_type=\"column\" data-settings=\"{&quot;background_background&quot;:&quot;classic&quot;}\">\n\t\t\t<div class=\"elementor-widget-wrap elementor-element-populated\">\n\t\t\t\t\t\t\t\t<div class=\"elementor-element elementor-element-ccbbc3e elementor-widget elementor-widget-text-editor\" data-id=\"ccbbc3e\" data-element_type=\"widget\" data-widget_type=\"text-editor.default\">\n\t\t\t\t<div class=\"elementor-widget-container\">\n\t\t\t\t\t\t\t<p style=\"text-align: center;\">Performance<\/p>\n\t\t\t\t\t\t<\/div>\n\t\t\t\t<\/div>\n\t\t\t\t\t<\/div>\n\t\t<\/div>\n\t\t\t\t<div class=\"elementor-column elementor-col-12 elementor-inner-column elementor-element elementor-element-a52fb7e\" data-id=\"a52fb7e\" data-element_type=\"column\" data-settings=\"{&quot;background_background&quot;:&quot;classic&quot;}\">\n\t\t\t<div class=\"elementor-widget-wrap elementor-element-populated\">\n\t\t\t\t\t\t\t\t<div class=\"elementor-element elementor-element-65bd261 elementor-widget elementor-widget-text-editor\" data-id=\"65bd261\" data-element_type=\"widget\" data-widget_type=\"text-editor.default\">\n\t\t\t\t<div class=\"elementor-widget-container\">\n\t\t\t\t\t\t\t<p style=\"text-align: center;\">Notes<\/p>\n\t\t\t\t\t\t<\/div>\n\t\t\t\t<\/div>\n\t\t\t\t\t<\/div>\n\t\t<\/div>\n\t\t\t\t<div class=\"elementor-column elementor-col-12 elementor-inner-column elementor-element elementor-element-24ba4fc\" data-id=\"24ba4fc\" data-element_type=\"column\" data-settings=\"{&quot;background_background&quot;:&quot;classic&quot;}\">\n\t\t\t<div class=\"elementor-widget-wrap elementor-element-populated\">\n\t\t\t\t\t\t\t\t<div class=\"elementor-element elementor-element-0a8a0e9 elementor-widget elementor-widget-text-editor\" data-id=\"0a8a0e9\" data-element_type=\"widget\" data-widget_type=\"text-editor.default\">\n\t\t\t\t<div class=\"elementor-widget-container\">\n\t\t\t\t\t\t\t<p style=\"text-align: center;\">Prix (1)<\/p>\n\t\t\t\t\t\t<\/div>\n\t\t\t\t<\/div>\n\t\t\t\t\t<\/div>\n\t\t<\/div>\n\t\t\t\t<div class=\"elementor-column elementor-col-12 elementor-inner-column elementor-element elementor-element-8c88bf4\" data-id=\"8c88bf4\" data-element_type=\"column\" data-settings=\"{&quot;background_background&quot;:&quot;classic&quot;}\">\n\t\t\t<div class=\"elementor-widget-wrap elementor-element-populated\">\n\t\t\t\t\t\t\t\t<div class=\"elementor-element elementor-element-6adcf7d elementor-widget elementor-widget-text-editor\" data-id=\"6adcf7d\" data-element_type=\"widget\" data-widget_type=\"text-editor.default\">\n\t\t\t\t<div class=\"elementor-widget-container\">\n\t\t\t\t\t\t\t<p style=\"text-align: center;\">Location<\/p>\n\t\t\t\t\t\t<\/div>\n\t\t\t\t<\/div>\n\t\t\t\t\t<\/div>\n\t\t<\/div>\n\t\t\t\t\t\t\t<\/div>\n\t\t<\/section>\n\t\t\t\t\t<\/div>\n\t\t<\/div>\n\t\t\t\t\t\t\t<\/div>\n\t\t<\/section>\n\t\t\t\t<section class=\"elementor-section elementor-top-section elementor-element elementor-element-a4861b8 elementor-section-stretched elementor-section-boxed elementor-section-height-default elementor-section-height-default\" data-id=\"a4861b8\" data-element_type=\"section\" data-settings=\"{&quot;jet_parallax_layout_list&quot;:[],&quot;stretch_section&quot;:&quot;section-stretched&quot;}\">\n\t\t\t\t\t\t<div class=\"elementor-container elementor-column-gap-default\">\n\t\t\t\t\t<div class=\"elementor-column elementor-col-100 elementor-top-column elementor-element elementor-element-1294b8a\" data-id=\"1294b8a\" data-element_type=\"column\">\n\t\t\t<div class=\"elementor-widget-wrap elementor-element-populated\">\n\t\t\t\t\t\t\t\t<div class=\"elementor-element elementor-element-3025159 elementor-widget elementor-widget-jet-dynamic-table\" data-id=\"3025159\" data-element_type=\"widget\" data-widget_type=\"jet-dynamic-table.default\">\n\t\t\t\t<div class=\"elementor-widget-container\">\n\t\t\t<style><\/style><div class=\"jet-dynamic-table-wrapper\"><table class=\"jet-dynamic-table\" data-table-id=\"9\" data-query-id=\"10\"><tbody class=\"jet-dynamic-table__body\"><tr class=\"jet-dynamic-table__row jet-dynamic-table__row--header\" data-item-object=\"28072\"><td class=\"jet-dynamic-table__col jet-dynamic-table__col--item\" style=\"width:8%; min-width:8%;vertical-align:middle;\"><img decoding=\"async\" width=\"150\" height=\"150\" src=\"https:\/\/aircom.deniscarriere.com\/wp-content\/uploads\/2023\/11\/Moteur_electrique-150x150.jpg\" class=\"attachment-thumbnail size-thumbnail\" alt=\"\" srcset=\"https:\/\/aircom.deniscarriere.com\/wp-content\/uploads\/2023\/11\/Moteur_electrique-150x150.jpg 150w, https:\/\/aircom.deniscarriere.com\/wp-content\/uploads\/2023\/11\/Moteur_electrique-230x230.jpg 230w, https:\/\/aircom.deniscarriere.com\/wp-content\/uploads\/2023\/11\/Moteur_electrique-400x400.jpg 400w, https:\/\/aircom.deniscarriere.com\/wp-content\/uploads\/2023\/11\/Moteur_electrique-300x300.jpg 300w, https:\/\/aircom.deniscarriere.com\/wp-content\/uploads\/2023\/11\/Moteur_electrique-100x100.jpg 100w\" sizes=\"(max-width: 150px) 100vw, 150px\" \/><\/td><td class=\"jet-dynamic-table__col jet-dynamic-table__col--description\" style=\"width:14%; min-width:14%;\">Electric motor<\/td><td class=\"jet-dynamic-table__col jet-dynamic-table__col--marquemodle\" style=\"width:14%; min-width:14%;\"><p>Toshiba<br \/>\nEPACT HE<br \/>\n100 HP TEFC<\/p>\n<\/td><td class=\"jet-dynamic-table__col jet-dynamic-table__col--moteur\" style=\"width:11%; min-width:11%;\">575\/3\/60<\/td><td class=\"jet-dynamic-table__col jet-dynamic-table__col--performance\" style=\"width:13%; min-width:13%;\">3600 RPM<\/td><td class=\"jet-dynamic-table__col jet-dynamic-table__col--notes\" style=\"width:20%; min-width:20%;\">Used\r\nGood condition<\/td><td class=\"jet-dynamic-table__col jet-dynamic-table__col--prix1\" style=\"width:7%; min-width:7%;\"><p>1580 $<\/p>\n<\/td><td class=\"jet-dynamic-table__col jet-dynamic-table__col--location\" ><p><a href=\"\/quote-request\/?vla=6&amp;vlp=8610&amp;vlo=2\">info<\/a><\/p>\n<\/td><\/tr><tr class=\"jet-dynamic-table__row jet-dynamic-table__row--header\" data-item-object=\"28077\"><td class=\"jet-dynamic-table__col jet-dynamic-table__col--item\" style=\"width:8%; min-width:8%;vertical-align:middle;\"><\/td><td class=\"jet-dynamic-table__col jet-dynamic-table__col--description\" style=\"width:14%; min-width:14%;\">Dry running claw \r\nvacuum pump <\/td><td class=\"jet-dynamic-table__col jet-dynamic-table__col--marquemodle\" style=\"width:14%; min-width:14%;\"><p>VLR 250<\/p>\n<\/td><td class=\"jet-dynamic-table__col jet-dynamic-table__col--moteur\" style=\"width:11%; min-width:11%;\">7.5HP, 575\/3\/60<\/td><td class=\"jet-dynamic-table__col jet-dynamic-table__col--performance\" style=\"width:13%; min-width:13%;\">Nominal flow: \r\n166 cfm \r\nMaximum vacuum: \r\n24.0\u2019\u2019 Hg<\/td><td class=\"jet-dynamic-table__col jet-dynamic-table__col--notes\" style=\"width:20%; min-width:20%;\">Used\r\n6 month warranty<\/td><td class=\"jet-dynamic-table__col jet-dynamic-table__col--prix1\" style=\"width:7%; min-width:7%;\"><p><span class=\"prix_cour\">11500 $<\/span><\/p>\n<\/td><td class=\"jet-dynamic-table__col jet-dynamic-table__col--location\" ><p><a href=\"\/quote-request\/?vla=1&amp;vlp=23775&amp;vlo=2\">info<\/a><\/p>\n<\/td><\/tr><tr class=\"jet-dynamic-table__row jet-dynamic-table__row--header\" data-item-object=\"28058\"><td class=\"jet-dynamic-table__col jet-dynamic-table__col--item\" style=\"width:8%; min-width:8%;vertical-align:middle;\"><img decoding=\"async\" width=\"150\" height=\"150\" src=\"https:\/\/aircom.deniscarriere.com\/wp-content\/uploads\/2023\/04\/Quincy_QT-10-150x150.jpg\" class=\"attachment-thumbnail size-thumbnail\" alt=\"\" srcset=\"https:\/\/aircom.deniscarriere.com\/wp-content\/uploads\/2023\/04\/Quincy_QT-10-150x150.jpg 150w, https:\/\/aircom.deniscarriere.com\/wp-content\/uploads\/2023\/04\/Quincy_QT-10-230x230.jpg 230w, https:\/\/aircom.deniscarriere.com\/wp-content\/uploads\/2023\/04\/Quincy_QT-10-300x300.jpg 300w, https:\/\/aircom.deniscarriere.com\/wp-content\/uploads\/2023\/04\/Quincy_QT-10-100x100.jpg 100w\" sizes=\"(max-width: 150px) 100vw, 150px\" \/><\/td><td class=\"jet-dynamic-table__col jet-dynamic-table__col--description\" style=\"width:14%; min-width:14%;\">Piston \r\ncompressor<\/td><td class=\"jet-dynamic-table__col jet-dynamic-table__col--marquemodle\" style=\"width:14%; min-width:14%;\"><p>Quincy<br \/>\nQT 10<\/p>\n<\/td><td class=\"jet-dynamic-table__col jet-dynamic-table__col--moteur\" style=\"width:11%; min-width:11%;\">None<\/td><td class=\"jet-dynamic-table__col jet-dynamic-table__col--performance\" style=\"width:13%; min-width:13%;\">14.4 to 35 CFM \r\n175 PSIG<\/td><td class=\"jet-dynamic-table__col jet-dynamic-table__col--notes\" style=\"width:20%; min-width:20%;\"><\/td><td class=\"jet-dynamic-table__col jet-dynamic-table__col--prix1\" style=\"width:7%; min-width:7%;\"><p><span class=\"prix_cour\">1,280 $<\/span><\/p>\n<\/td><td class=\"jet-dynamic-table__col jet-dynamic-table__col--location\" ><p><a href=\"\/en\/quote-request\/?vla=0&amp;vlp=23767&amp;vlo=2\">info<\/a><\/p>\n<\/td><\/tr><tr class=\"jet-dynamic-table__row jet-dynamic-table__row--header\" data-item-object=\"28075\"><td class=\"jet-dynamic-table__col jet-dynamic-table__col--item\" style=\"width:8%; min-width:8%;vertical-align:middle;\"><img decoding=\"async\" width=\"150\" height=\"150\" src=\"https:\/\/aircom.deniscarriere.com\/wp-content\/uploads\/2023\/03\/IMG_0861-150x150.jpg\" class=\"attachment-thumbnail size-thumbnail\" alt=\"\" srcset=\"https:\/\/aircom.deniscarriere.com\/wp-content\/uploads\/2023\/03\/IMG_0861-150x150.jpg 150w, https:\/\/aircom.deniscarriere.com\/wp-content\/uploads\/2023\/03\/IMG_0861-230x230.jpg 230w, https:\/\/aircom.deniscarriere.com\/wp-content\/uploads\/2023\/03\/IMG_0861-400x400.jpg 400w, https:\/\/aircom.deniscarriere.com\/wp-content\/uploads\/2023\/03\/IMG_0861-300x300.jpg 300w, https:\/\/aircom.deniscarriere.com\/wp-content\/uploads\/2023\/03\/IMG_0861-100x100.jpg 100w\" sizes=\"(max-width: 150px) 100vw, 150px\" \/><\/td><td class=\"jet-dynamic-table__col jet-dynamic-table__col--description\" style=\"width:14%; min-width:14%;\">Dry rotary vane\r\nvacuum pump<\/td><td class=\"jet-dynamic-table__col jet-dynamic-table__col--marquemodle\" style=\"width:14%; min-width:14%;\"><p>Becker<br \/>\nVTLF 250<\/p>\n<\/td><td class=\"jet-dynamic-table__col jet-dynamic-table__col--moteur\" style=\"width:11%; min-width:11%;\">Not included<\/td><td class=\"jet-dynamic-table__col jet-dynamic-table__col--performance\" style=\"width:13%; min-width:13%;\">Nominal flow: \r\n300 m3\/hr at 60 Hz \r\nMaximum vacuum: \r\n200 mbar(a)<\/td><td class=\"jet-dynamic-table__col jet-dynamic-table__col--notes\" style=\"width:20%; min-width:20%;\">Used<\/td><td class=\"jet-dynamic-table__col jet-dynamic-table__col--prix1\" style=\"width:7%; min-width:7%;\"><p><span class=\"prix_cour\">5000 $<\/span><\/p>\n<\/td><td class=\"jet-dynamic-table__col jet-dynamic-table__col--location\" ><p><a href=\"\/quote-request\/?vla=1&amp;vlp=22768&amp;vlo=2\">info<\/a><\/p>\n<\/td><\/tr><\/tbody><\/table><\/div>\t\t<\/div>\n\t\t\t\t<\/div>\n\t\t\t\t\t<\/div>\n\t\t<\/div>\n\t\t\t\t\t\t\t<\/div>\n\t\t<\/section>\n\t\t\t\t\t\t\t<\/div>\n\t\t","protected":false},"excerpt":{"rendered":"<p>Item Description Marque \/ Mod\u00e8le Moteur Performance Notes Prix (1) Location Pompes \u00e0 vide \u00e0 crochets VLR 250 7.5HP, 575\/3\/60 D\u00e9bit nominal : 166 cfm Vide maximum : 24.0\u2019\u2019 Hg Usag\u00e9 Garantie 6 mois 11500 $ info Compresseur \u00e0 piston Quincy QT 10 Aucun 14.4 \u00e0 35 CFM 175 PSIG 1,280 $ info Pompe \u00e0 [&hellip;]<\/p>\n","protected":false},"author":1,"featured_media":0,"parent":0,"menu_order":0,"comment_status":"closed","ping_status":"closed","template":"","meta":{"_jet_sm_ready_style":"","_jet_sm_style":"","_jet_sm_controls_values":"","_jet_sm_fonts_collection":"","_jet_sm_fonts_links":"","footnotes":""},"class_list":["post-24664","page","type-page","status-publish","hentry"],"yoast_head":"<!-- This site is optimized with the Yoast SEO plugin v21.9.1 - https:\/\/yoast.com\/wordpress\/plugins\/seo\/ -->\n<title>Equipment sales \u2013 New and used - Aircom<\/title>\n<meta name=\"robots\" content=\"noindex, follow, max-snippet:-1, max-image-preview:large, max-video-preview:-1\" \/>\n<meta property=\"og:locale\" content=\"en_US\" \/>\n<meta property=\"og:type\" content=\"article\" \/>\n<meta property=\"og:title\" content=\"Equipment sales \u2013 New and used - Aircom\" \/>\n<meta property=\"og:description\" content=\"Item Description Marque \/ Mod\u00e8le Moteur Performance Notes Prix (1) Location Pompes \u00e0 vide \u00e0 crochets VLR 250 7.5HP, 575\/3\/60 D\u00e9bit nominal : 166 cfm Vide maximum : 24.0\u2019\u2019 Hg Usag\u00e9 Garantie 6 mois 11500 $ info Compresseur \u00e0 piston Quincy QT 10 Aucun 14.4 \u00e0 35 CFM 175 PSIG 1,280 $ info Pompe \u00e0 [&hellip;]\" \/>\n<meta property=\"og:url\" content=\"https:\/\/aircom.deniscarriere.com\/en\/equipment-sales-new-and-used\/\" \/>\n<meta property=\"og:site_name\" content=\"Aircom\" \/>\n<meta property=\"article:modified_time\" content=\"2023-04-24T21:10:07+00:00\" \/>\n<meta property=\"og:image\" content=\"https:\/\/aircom.deniscarriere.com\/wp-content\/uploads\/2023\/04\/Quincy_QT-10-33x42-1.jpg\" \/>\n<meta name=\"twitter:card\" content=\"summary_large_image\" \/>\n<script type=\"application\/ld+json\" class=\"yoast-schema-graph\">{\"@context\":\"https:\/\/schema.org\",\"@graph\":[{\"@type\":\"WebPage\",\"@id\":\"https:\/\/aircom.deniscarriere.com\/en\/equipment-sales-new-and-used\/\",\"url\":\"https:\/\/aircom.deniscarriere.com\/en\/equipment-sales-new-and-used\/\",\"name\":\"Equipment sales \u2013 New and used - Aircom\",\"isPartOf\":{\"@id\":\"https:\/\/aircom.deniscarriere.com\/#website\"},\"datePublished\":\"2023-03-30T21:32:07+00:00\",\"dateModified\":\"2023-04-24T21:10:07+00:00\",\"breadcrumb\":{\"@id\":\"https:\/\/aircom.deniscarriere.com\/en\/equipment-sales-new-and-used\/#breadcrumb\"},\"inLanguage\":\"en-US\",\"potentialAction\":[{\"@type\":\"ReadAction\",\"target\":[\"https:\/\/aircom.deniscarriere.com\/en\/equipment-sales-new-and-used\/\"]}]},{\"@type\":\"BreadcrumbList\",\"@id\":\"https:\/\/aircom.deniscarriere.com\/en\/equipment-sales-new-and-used\/#breadcrumb\",\"itemListElement\":[{\"@type\":\"ListItem\",\"position\":1,\"name\":\"Home\",\"item\":\"https:\/\/aircom.deniscarriere.com\/en\/\"},{\"@type\":\"ListItem\",\"position\":2,\"name\":\"Equipment sales \u2013 New and used\"}]},{\"@type\":\"WebSite\",\"@id\":\"https:\/\/aircom.deniscarriere.com\/#website\",\"url\":\"https:\/\/aircom.deniscarriere.com\/\",\"name\":\"Aircom\",\"description\":\"\",\"publisher\":{\"@id\":\"https:\/\/aircom.deniscarriere.com\/#organization\"},\"potentialAction\":[{\"@type\":\"SearchAction\",\"target\":{\"@type\":\"EntryPoint\",\"urlTemplate\":\"https:\/\/aircom.deniscarriere.com\/?s={search_term_string}\"},\"query-input\":\"required name=search_term_string\"}],\"inLanguage\":\"en-US\"},{\"@type\":\"Organization\",\"@id\":\"https:\/\/aircom.deniscarriere.com\/#organization\",\"name\":\"Aircom\",\"url\":\"https:\/\/aircom.deniscarriere.com\/\",\"logo\":{\"@type\":\"ImageObject\",\"inLanguage\":\"en-US\",\"@id\":\"https:\/\/aircom.deniscarriere.com\/#\/schema\/logo\/image\/\",\"url\":\"https:\/\/aircom.deniscarriere.com\/wp-content\/uploads\/2023\/02\/cropped-aircom-technologies-logo_h-1.png\",\"contentUrl\":\"https:\/\/aircom.deniscarriere.com\/wp-content\/uploads\/2023\/02\/cropped-aircom-technologies-logo_h-1.png\",\"width\":1002,\"height\":164,\"caption\":\"Aircom\"},\"image\":{\"@id\":\"https:\/\/aircom.deniscarriere.com\/#\/schema\/logo\/image\/\"}}]}<\/script>\n<!-- \/ Yoast SEO plugin. -->","yoast_head_json":{"title":"Equipment sales \u2013 New and used - Aircom","robots":{"index":"noindex","follow":"follow","max-snippet":"max-snippet:-1","max-image-preview":"max-image-preview:large","max-video-preview":"max-video-preview:-1"},"og_locale":"en_US","og_type":"article","og_title":"Equipment sales \u2013 New and used - Aircom","og_description":"Item Description Marque \/ Mod\u00e8le Moteur Performance Notes Prix (1) Location Pompes \u00e0 vide \u00e0 crochets VLR 250 7.5HP, 575\/3\/60 D\u00e9bit nominal : 166 cfm Vide maximum : 24.0\u2019\u2019 Hg Usag\u00e9 Garantie 6 mois 11500 $ info Compresseur \u00e0 piston Quincy QT 10 Aucun 14.4 \u00e0 35 CFM 175 PSIG 1,280 $ info Pompe \u00e0 [&hellip;]","og_url":"https:\/\/aircom.deniscarriere.com\/en\/equipment-sales-new-and-used\/","og_site_name":"Aircom","article_modified_time":"2023-04-24T21:10:07+00:00","og_image":[{"url":"https:\/\/aircom.deniscarriere.com\/wp-content\/uploads\/2023\/04\/Quincy_QT-10-33x42-1.jpg"}],"twitter_card":"summary_large_image","schema":{"@context":"https:\/\/schema.org","@graph":[{"@type":"WebPage","@id":"https:\/\/aircom.deniscarriere.com\/en\/equipment-sales-new-and-used\/","url":"https:\/\/aircom.deniscarriere.com\/en\/equipment-sales-new-and-used\/","name":"Equipment sales \u2013 New and used - Aircom","isPartOf":{"@id":"https:\/\/aircom.deniscarriere.com\/#website"},"datePublished":"2023-03-30T21:32:07+00:00","dateModified":"2023-04-24T21:10:07+00:00","breadcrumb":{"@id":"https:\/\/aircom.deniscarriere.com\/en\/equipment-sales-new-and-used\/#breadcrumb"},"inLanguage":"en-US","potentialAction":[{"@type":"ReadAction","target":["https:\/\/aircom.deniscarriere.com\/en\/equipment-sales-new-and-used\/"]}]},{"@type":"BreadcrumbList","@id":"https:\/\/aircom.deniscarriere.com\/en\/equipment-sales-new-and-used\/#breadcrumb","itemListElement":[{"@type":"ListItem","position":1,"name":"Home","item":"https:\/\/aircom.deniscarriere.com\/en\/"},{"@type":"ListItem","position":2,"name":"Equipment sales \u2013 New and used"}]},{"@type":"WebSite","@id":"https:\/\/aircom.deniscarriere.com\/#website","url":"https:\/\/aircom.deniscarriere.com\/","name":"Aircom","description":"","publisher":{"@id":"https:\/\/aircom.deniscarriere.com\/#organization"},"potentialAction":[{"@type":"SearchAction","target":{"@type":"EntryPoint","urlTemplate":"https:\/\/aircom.deniscarriere.com\/?s={search_term_string}"},"query-input":"required name=search_term_string"}],"inLanguage":"en-US"},{"@type":"Organization","@id":"https:\/\/aircom.deniscarriere.com\/#organization","name":"Aircom","url":"https:\/\/aircom.deniscarriere.com\/","logo":{"@type":"ImageObject","inLanguage":"en-US","@id":"https:\/\/aircom.deniscarriere.com\/#\/schema\/logo\/image\/","url":"https:\/\/aircom.deniscarriere.com\/wp-content\/uploads\/2023\/02\/cropped-aircom-technologies-logo_h-1.png","contentUrl":"https:\/\/aircom.deniscarriere.com\/wp-content\/uploads\/2023\/02\/cropped-aircom-technologies-logo_h-1.png","width":1002,"height":164,"caption":"Aircom"},"image":{"@id":"https:\/\/aircom.deniscarriere.com\/#\/schema\/logo\/image\/"}}]}},"_links":{"self":[{"href":"https:\/\/aircom.deniscarriere.com\/en\/wp-json\/wp\/v2\/pages\/24664","targetHints":{"allow":["GET"]}}],"collection":[{"href":"https:\/\/aircom.deniscarriere.com\/en\/wp-json\/wp\/v2\/pages"}],"about":[{"href":"https:\/\/aircom.deniscarriere.com\/en\/wp-json\/wp\/v2\/types\/page"}],"author":[{"embeddable":true,"href":"https:\/\/aircom.deniscarriere.com\/en\/wp-json\/wp\/v2\/users\/1"}],"replies":[{"embeddable":true,"href":"https:\/\/aircom.deniscarriere.com\/en\/wp-json\/wp\/v2\/comments?post=24664"}],"version-history":[{"count":1,"href":"https:\/\/aircom.deniscarriere.com\/en\/wp-json\/wp\/v2\/pages\/24664\/revisions"}],"predecessor-version":[{"id":24665,"href":"https:\/\/aircom.deniscarriere.com\/en\/wp-json\/wp\/v2\/pages\/24664\/revisions\/24665"}],"wp:attachment":[{"href":"https:\/\/aircom.deniscarriere.com\/en\/wp-json\/wp\/v2\/media?parent=24664"}],"curies":[{"name":"wp","href":"https:\/\/api.w.org\/{rel}","templated":true}]}}